{"id":2099,"date":"2020-01-27T15:56:30","date_gmt":"2020-01-27T15:56:30","guid":{"rendered":"https:\/\/campigrafic.com\/etiquetas_sector_cosmetica_cuidado_personal\/"},"modified":"2020-07-01T18:28:22","modified_gmt":"2020-07-01T18:28:22","slug":"etiquetas_sector_cosmetica_cuidado_personal","status":"publish","type":"page","link":"https:\/\/campigrafic.com\/es\/etiquetas_sector_cosmetica_cuidado_personal\/","title":{"rendered":"SECTOR COSM\u00c9TICA Y CUIDADO PERSONAL"},"content":{"rendered":"<p><div class=\"fusion-fullwidth fullwidth-box fusion-builder-row-1 nonhundred-percent-fullwidth non-hundred-percent-height-scrolling fusion-equal-height-columns\" style=\"--awb-border-radius-top-left:0px;--awb-border-radius-top-right:0px;--awb-border-radius-bottom-right:0px;--awb-border-radius-bottom-left:0px;--awb-margin-top:30px;--awb-margin-bottom:30px;--awb-background-color:#ffffff;--awb-flex-wrap:wrap;\" ><div class=\"fusion-builder-row fusion-row\"><div class=\"fusion-layout-column fusion_builder_column fusion-builder-column-0 fusion_builder_column_2_5 2_5 fusion-two-fifth fusion-column-first\" style=\"--awb-bg-size:cover;width:40%;width:calc(40% - ( ( 5% ) * 0.4 ) );margin-right: 5%;\"><div class=\"fusion-column-wrapper fusion-column-has-shadow fusion-flex-column-wrapper-legacy\"><div class=\"fusion-title title fusion-title-1 fusion-sep-none fusion-title-text fusion-title-size-two\" style=\"--awb-margin-top-small:0px;--awb-margin-right-small:0px;--awb-margin-bottom-small:20px;--awb-margin-left-small:0px;\"><h2 class=\"fusion-title-heading title-heading-left fusion-responsive-typography-calculated\" style=\"margin:0;--fontSize:38;line-height:1.3;\">ETIQUETAS PARA EL SECTOR DE COSM\u00c9TICA Y CUIDADO PERSONAL<\/h2><\/div><div class=\"fusion-sep-clear\"><\/div><div class=\"fusion-separator fusion-full-width-sep\" style=\"margin-left: auto;margin-right: auto;margin-top:15px;width:100%;\"><\/div><div class=\"fusion-sep-clear\"><\/div><div class=\"fusion-image-element fusion-image-align-center in-legacy-container\" style=\"text-align:center;--awb-caption-title-font-family:var(--h2_typography-font-family);--awb-caption-title-font-weight:var(--h2_typography-font-weight);--awb-caption-title-font-style:var(--h2_typography-font-style);--awb-caption-title-size:var(--h2_typography-font-size);--awb-caption-title-transform:var(--h2_typography-text-transform);--awb-caption-title-line-height:var(--h2_typography-line-height);--awb-caption-title-letter-spacing:var(--h2_typography-letter-spacing);\"><div class=\"imageframe-align-center\"><span class=\" fusion-imageframe imageframe-none imageframe-1 hover-type-none\"><img decoding=\"async\" width=\"920\" height=\"628\" alt=\"Etiqueta_Sector_Cosmetica_Cuidado_Personal\" title=\"04I_Etiqueta_Sector_Cosmetica_Cuidado_Personal\" src=\"https:\/\/campigrafic.com\/wp-content\/uploads\/2020\/01\/04I_Etiqueta_Sector_Cosmetica_Cuidado_Personal.jpg\" class=\"img-responsive wp-image-1493\" srcset=\"https:\/\/campigrafic.com\/wp-content\/uploads\/2020\/01\/04I_Etiqueta_Sector_Cosmetica_Cuidado_Personal-200x137.jpg 200w, https:\/\/campigrafic.com\/wp-content\/uploads\/2020\/01\/04I_Etiqueta_Sector_Cosmetica_Cuidado_Personal-400x273.jpg 400w, https:\/\/campigrafic.com\/wp-content\/uploads\/2020\/01\/04I_Etiqueta_Sector_Cosmetica_Cuidado_Personal-600x410.jpg 600w, https:\/\/campigrafic.com\/wp-content\/uploads\/2020\/01\/04I_Etiqueta_Sector_Cosmetica_Cuidado_Personal-800x546.jpg 800w, https:\/\/campigrafic.com\/wp-content\/uploads\/2020\/01\/04I_Etiqueta_Sector_Cosmetica_Cuidado_Personal.jpg 920w\" sizes=\"(max-width: 800px) 100vw, 600px\" \/><\/span><\/div><\/div><div class=\"fusion-sep-clear\"><\/div><div class=\"fusion-separator fusion-full-width-sep\" style=\"margin-left: auto;margin-right: auto;margin-top:10px;width:100%;\"><\/div><div class=\"fusion-sep-clear\"><\/div><div class=\"fusion-clearfix\"><\/div><\/div><\/div><div class=\"fusion-layout-column fusion_builder_column fusion-builder-column-1 fusion_builder_column_3_5 3_5 fusion-three-fifth fusion-column-last\" style=\"--awb-bg-size:cover;--awb-margin-top:15px;width:60%;width:calc(60% - ( ( 5% ) * 0.6 ) );\"><div class=\"fusion-column-wrapper fusion-column-has-shadow fusion-flex-column-wrapper-legacy\"><div class=\"fusion-text fusion-text-1\"><p><strong>Suministramos etiquetas para diferenciar su producto en el punto de venta. Disponemos de diferentes materiales con diferentes texturas t\u00e1ctiles, sobre los que podemos imprimir en cuatricrom\u00eda, con colores directos, barnices selectivos, impresiones serigr\u00e1ficas metalizados, etc.<\/strong><\/p>\n<p><strong>Le podemos suministrar cintas de transferencia (ribbon) por su marcador de cabezal plano o near-edge, llegando a velocidades de 48 M \/ min. Si su producto es artesano, le podemos recomendar el mejor sistema de impresi\u00f3n, en funci\u00f3n de sus necesidades y proporcionarle las impresoras y los consumibles (cintas de transferencia, t\u00f3ner o tinta inkjet).<\/strong><\/p>\n<\/div><div class=\"fusion-text fusion-text-2\"><p>Para los productos envasados con envases r\u00edgidos de vidrio, polipropileno o poliestireno, utilizamos etiquetas de papel o polipropileno. Los polipropilenos transparentes \u00abno label look\u00bb dan un aspecto de serigraf\u00eda directa sobre el envase. Cuando se trata de productos de ba\u00f1o como el gel, donde el envase es flexible y compresible, utilizamos etiquetas de polietileno, para evitar la formaci\u00f3n de arrugas y burbujas.<\/p>\n<p>Campi Grafic somos fabricantes de: <strong>Etiquetas Sector Cosm\u00e9tica y cuidado personal<\/strong><\/p>\n<\/div><div class=\"fusion-clearfix\"><\/div><\/div><\/div><\/div><\/div><div class=\"fusion-fullwidth fullwidth-box fusion-builder-row-2 nonhundred-percent-fullwidth non-hundred-percent-height-scrolling\" style=\"--awb-border-radius-top-left:0px;--awb-border-radius-top-right:0px;--awb-border-radius-bottom-right:0px;--awb-border-radius-bottom-left:0px;--awb-padding-bottom:100px;--awb-margin-top:0px;--awb-margin-bottom:0px;--awb-background-color:#ffffff;--awb-flex-wrap:wrap;\" ><div class=\"fusion-builder-row fusion-row\"><div class=\"fusion-layout-column fusion_builder_column fusion-builder-column-2 fusion_builder_column_1_1 1_1 fusion-one-full fusion-column-first fusion-column-last\" style=\"--awb-bg-size:cover;--awb-margin-bottom:0px;\"><div class=\"fusion-column-wrapper fusion-column-has-shadow fusion-flex-column-wrapper-legacy\"><div class=\"fusion-title title fusion-title-2 fusion-sep-none fusion-title-text fusion-title-size-two\" style=\"--awb-text-color:#000000;--awb-margin-top-small:0px;--awb-margin-right-small:0px;--awb-margin-bottom-small:20px;--awb-margin-left-small:0px;--awb-sep-color:#000000;\"><h2 class=\"fusion-title-heading title-heading-left fusion-responsive-typography-calculated\" style=\"margin:0;--fontSize:38;line-height:1.3;\">Productos relacionados<\/h2><\/div><div class=\"fusion-builder-row fusion-builder-row-inner fusion-row\"><div class=\"fusion-layout-column fusion_builder_column_inner fusion-builder-nested-column-0 fusion_builder_column_inner_2_5 2_5 fusion-two-fifth fusion-column-first\" style=\"--awb-bg-size:cover;width:40%;width:calc(40% - ( ( 4% ) * 0.4 ) );margin-right: 4%;\"><div class=\"fusion-column-wrapper fusion-column-has-shadow fusion-flex-column-wrapper-legacy\"><div class=\"fusion-text fusion-text-3\"><h3>Otros productos:<\/h3>\n<ul>\n<li><a href=\"https:\/\/campigrafic.com\/es\/etiquetas_producto_marca_branding\/\">Etiquetas de Producto<\/a><\/li>\n<\/ul>\n<\/div><div class=\"fusion-clearfix\"><\/div><\/div><\/div><\/div><div class=\"fusion-clearfix\"><\/div><\/div><\/div><\/div><\/div><div class=\"fusion-fullwidth fullwidth-box fusion-builder-row-3 nonhundred-percent-fullwidth non-hundred-percent-height-scrolling\" style=\"--awb-border-radius-top-left:0px;--awb-border-radius-top-right:0px;--awb-border-radius-bottom-right:0px;--awb-border-radius-bottom-left:0px;--awb-padding-top:100px;--awb-padding-bottom:5%;--awb-background-color:#fb8b00;--awb-flex-wrap:wrap;\" ><div class=\"fusion-builder-row fusion-row\"><div class=\"fusion-layout-column fusion_builder_column fusion-builder-column-3 fusion_builder_column_1_1 1_1 fusion-one-full fusion-column-first fusion-column-last\" style=\"--awb-bg-size:cover;--awb-margin-bottom:60px;\"><div class=\"fusion-column-wrapper fusion-flex-column-wrapper-legacy\"><div class=\"fusion-title title fusion-title-3 fusion-sep-none fusion-title-center fusion-title-text fusion-title-size-two\" style=\"--awb-margin-top-small:0px;--awb-margin-right-small:0px;--awb-margin-bottom-small:20px;--awb-margin-left-small:0px;\"><h2 class=\"fusion-title-heading title-heading-center fusion-responsive-typography-calculated\" style=\"margin:0;--fontSize:38;line-height:1.3;\">Un proceso \u00e1gil y personalizado a la medida de cada cliente<\/h2><\/div><div class=\"fusion-clearfix\"><\/div><\/div><\/div><div class=\"fusion-layout-column fusion_builder_column fusion-builder-column-4 fusion_builder_column_1_1 1_1 fusion-one-full fusion-column-first fusion-column-last\" style=\"--awb-bg-size:cover;\"><div class=\"fusion-column-wrapper fusion-flex-column-wrapper-legacy\"><div class=\"fusion-content-boxes content-boxes columns row fusion-columns-4 fusion-columns-total-4 fusion-content-boxes-1 content-boxes-icon-with-title content-left\" style=\"--awb-body-color:#000000;--awb-iconcolor:#fb8b00;--awb-hover-accent-color:#000000;--awb-circle-hover-accent-color:#000000;\" data-animationOffset=\"top-into-view\"><div style=\"--awb-backgroundcolor:rgba(255,255,255,0);--awb-iconcolor:#fb8b00;\" class=\"fusion-column content-box-column content-box-column content-box-column-1 col-lg-3 col-md-3 col-sm-3 fusion-content-box-hover content-box-column-first-in-row\"><div class=\"col content-box-wrapper content-wrapper link-area-link-icon icon-hover-animation-none\" data-animationOffset=\"top-into-view\"><div class=\"heading heading-with-icon icon-left\"><div class=\"icon\"><i style=\"border-color:rgba(255,255,255,0);border-width:0px;background-color:#ffffff;box-sizing:content-box;height:72px;width:72px;line-height:72px;border-radius:50%;font-size:36px;\" aria-hidden=\"true\" class=\"fontawesome-icon fa-phone-volume fas circle-yes\"><\/i><\/div><h3 class=\"content-box-heading fusion-responsive-typography-calculated\" style=\"--h3_typography-font-size:28px;--fontSize:28;line-height:1.3;\"> 1. Llame<\/h3><\/div><div class=\"fusion-clearfix\"><\/div><div class=\"content-container\">\n<p>Cu\u00e9ntenos sus necesidades y requerimientos o solicite la visita de un comercial.<\/p>\n<\/div><\/div><\/div><div style=\"--awb-backgroundcolor:rgba(255,255,255,0);--awb-iconcolor:#fb8b00;\" class=\"fusion-column content-box-column content-box-column content-box-column-2 col-lg-3 col-md-3 col-sm-3 fusion-content-box-hover \"><div class=\"col content-box-wrapper content-wrapper link-area-link-icon icon-hover-animation-none\" data-animationOffset=\"top-into-view\"><div class=\"heading heading-with-icon icon-left\"><div class=\"icon\"><i style=\"border-color:rgba(255,255,255,0);border-width:0px;background-color:#ffffff;box-sizing:content-box;height:72px;width:72px;line-height:72px;border-radius:50%;font-size:36px;\" aria-hidden=\"true\" class=\"fontawesome-icon fa-user-friends fas circle-yes\"><\/i><\/div><h3 class=\"content-box-heading fusion-responsive-typography-calculated\" style=\"--h3_typography-font-size:28px;--fontSize:28;line-height:1.3;\">2. Visita<\/h3><\/div><div class=\"fusion-clearfix\"><\/div><div class=\"content-container\">\n<p>Nos informaremos de su proceso de etiquetado y de los requerimientos normativos.<\/p>\n<\/div><\/div><\/div><div style=\"--awb-backgroundcolor:rgba(255,255,255,0);--awb-iconcolor:#fb8b00;\" class=\"fusion-column content-box-column content-box-column content-box-column-3 col-lg-3 col-md-3 col-sm-3 fusion-content-box-hover \"><div class=\"col content-box-wrapper content-wrapper link-area-link-icon icon-hover-animation-none\" data-animationOffset=\"top-into-view\"><div class=\"heading heading-with-icon icon-left\"><div class=\"icon\"><i style=\"border-color:rgba(255,255,255,0);border-width:0px;background-color:#ffffff;box-sizing:content-box;height:72px;width:72px;line-height:72px;border-radius:50%;font-size:36px;\" aria-hidden=\"true\" class=\"fontawesome-icon fa-cog fas circle-yes\"><\/i><\/div><h3 class=\"content-box-heading fusion-responsive-typography-calculated\" style=\"--h3_typography-font-size:28px;--fontSize:28;line-height:1.3;\">3. Propuesta<\/h3><\/div><div class=\"fusion-clearfix\"><\/div><div class=\"content-container\">\n<p>Haremos una propuesta de materiales y servicio adecuada a sus necesidades y requerimientos.<\/p>\n<\/div><\/div><\/div><div style=\"--awb-backgroundcolor:rgba(255,255,255,0);--awb-iconcolor:#fb8b00;\" class=\"fusion-column content-box-column content-box-column content-box-column-4 col-lg-3 col-md-3 col-sm-3 fusion-content-box-hover content-box-column-last content-box-column-last-in-row\"><div class=\"col content-box-wrapper content-wrapper link-area-link-icon icon-hover-animation-none\" data-animationOffset=\"top-into-view\"><div class=\"heading heading-with-icon icon-left\"><div class=\"icon\"><i style=\"border-color:rgba(255,255,255,0);border-width:0px;background-color:#ffffff;box-sizing:content-box;height:72px;width:72px;line-height:72px;border-radius:50%;font-size:36px;\" aria-hidden=\"true\" class=\"fontawesome-icon fa-handshake fas circle-yes\"><\/i><\/div><h3 class=\"content-box-heading fusion-responsive-typography-calculated\" style=\"--h3_typography-font-size:28px;--fontSize:28;line-height:1.3;\">4. Cotizaci\u00f3n<\/h3><\/div><div class=\"fusion-clearfix\"><\/div><div class=\"content-container\">\n<p>Enviaremos una propuesta econ\u00f3mica ajustada a su solicitud.<\/p>\n<\/div><\/div><\/div><div class=\"fusion-clearfix\"><\/div><\/div><div class=\"fusion-clearfix\"><\/div><\/div><\/div><\/div><\/div><div class=\"fusion-fullwidth fullwidth-box fusion-builder-row-4 fusion-parallax-none nonhundred-percent-fullwidth non-hundred-percent-height-scrolling fusion-equal-height-columns\" style=\"--awb-border-radius-top-left:0px;--awb-border-radius-top-right:0px;--awb-border-radius-bottom-right:0px;--awb-border-radius-bottom-left:0px;--awb-padding-top:5%;--awb-padding-bottom:6%;--awb-background-color:rgba(0,0,0,0);--awb-background-image:url(&quot;https:\/\/campigrafic.com\/wp-content\/uploads\/2020\/02\/atencioclient.jpg&quot;);--awb-background-size:cover;--awb-flex-wrap:wrap;\" ><div class=\"fusion-builder-row fusion-row\"><div class=\"fusion-layout-column fusion_builder_column fusion-builder-column-5 fusion_builder_column_1_1 1_1 fusion-one-full fusion-column-first fusion-column-last\" style=\"--awb-bg-size:cover;--awb-margin-top:40px;--awb-margin-bottom:40px;\"><div class=\"fusion-column-wrapper fusion-flex-column-wrapper-legacy\"><div class=\"fusion-column-content-centered\"><div class=\"fusion-column-content\"><div class=\"fusion-title title fusion-title-4 fusion-sep-none fusion-title-center fusion-title-text fusion-title-size-one\" style=\"--awb-margin-top-small:0px;--awb-margin-right-small:0px;--awb-margin-bottom-small:20px;--awb-margin-left-small:0px;\"><h1 class=\"fusion-title-heading title-heading-center fusion-responsive-typography-calculated\" style=\"margin:0;--fontSize:48;line-height:1.12;\"><span style=\"color: #ffffff;\">\u00bfQu\u00e9 necesita? \u00bfHablamos?<\/span><\/h1><\/div><div class=\"fusion-text fusion-text-4\"><p style=\"font-size: 21px; text-align: center;\"><span style=\"color: #ffffff;\">Nuestro departamento comercial estar\u00e1 encantado de atenderle y ofrecerle la mejor soluci\u00f3n.<\/span><br \/>\n<span style=\"color: #ffffff;\">Estamos a su disposici\u00f3n!<\/span><\/p>\n<\/div><div class=\"fusion-sep-clear\"><\/div><div class=\"fusion-separator fusion-full-width-sep\" style=\"margin-left: auto;margin-right: auto;margin-top:10px;width:100%;\"><\/div><div class=\"fusion-sep-clear\"><\/div><div class=\"fusion-button-wrapper fusion-aligncenter\"><a class=\"fusion-button button-flat fusion-button-default-size button-default fusion-button-default button-1 fusion-button-default-span fusion-button-default-type\" target=\"_self\" href=\"https:\/\/campigrafic.com\/es\/contacto\"><span class=\"fusion-button-text awb-button__text awb-button__text--default\">ATENCI\u00d3N AL CLIENTE<\/span><\/a><\/div><\/div><\/div><div class=\"fusion-clearfix\"><\/div><\/div><\/div><\/div><\/div><\/p>\n","protected":false},"excerpt":{"rendered":"","protected":false},"author":1,"featured_media":0,"parent":0,"menu_order":0,"comment_status":"closed","ping_status":"closed","template":"100-width.php","meta":{"footnotes":""},"class_list":["post-2099","page","type-page","status-publish","hentry"],"yoast_head":"<!-- This site is optimized with the Yoast SEO plugin v27.5 - https:\/\/yoast.com\/product\/yoast-seo-wordpress\/ -->\n<title>Etiquetas Sector Cosm\u00e9tica Cuidado Personal - Campi Gr\u00e0fic<\/title>\n<meta name=\"description\" content=\"Etiqueta tus productos destacando tu imagen de marca. Difer\u00e9ncialos con los materiales, la impresi\u00f3n y los acabados. Te ayudamos a diferenciarte.\" \/>\n<meta name=\"robots\" content=\"index, follow, max-snippet:-1, max-image-preview:large, max-video-preview:-1\" \/>\n<link rel=\"canonical\" href=\"https:\/\/campigrafic.com\/es\/etiquetas_sector_cosmetica_cuidado_personal\/\" \/>\n<meta property=\"og:locale\" content=\"es_ES\" \/>\n<meta property=\"og:type\" content=\"article\" \/>\n<meta property=\"og:title\" content=\"Etiquetas Sector Cosm\u00e9tica Cuidado Personal - Campi Gr\u00e0fic\" \/>\n<meta property=\"og:description\" content=\"Etiqueta tus productos destacando tu imagen de marca. Difer\u00e9ncialos con los materiales, la impresi\u00f3n y los acabados. Te ayudamos a diferenciarte.\" \/>\n<meta property=\"og:url\" content=\"https:\/\/campigrafic.com\/es\/etiquetas_sector_cosmetica_cuidado_personal\/\" \/>\n<meta property=\"og:site_name\" content=\"Campigrafic\" \/>\n<meta property=\"article:modified_time\" content=\"2020-07-01T18:28:22+00:00\" \/>\n<meta name=\"twitter:card\" content=\"summary_large_image\" \/>\n<meta name=\"twitter:label1\" content=\"Tiempo de lectura\" \/>\n\t<meta name=\"twitter:data1\" content=\"15 minutos\" \/>\n<script type=\"application\/ld+json\" class=\"yoast-schema-graph\">{\"@context\":\"https:\\\/\\\/schema.org\",\"@graph\":[{\"@type\":\"WebPage\",\"@id\":\"https:\\\/\\\/campigrafic.com\\\/es\\\/etiquetas_sector_cosmetica_cuidado_personal\\\/\",\"url\":\"https:\\\/\\\/campigrafic.com\\\/es\\\/etiquetas_sector_cosmetica_cuidado_personal\\\/\",\"name\":\"Etiquetas Sector Cosm\u00e9tica Cuidado Personal - Campi Gr\u00e0fic\",\"isPartOf\":{\"@id\":\"https:\\\/\\\/campigrafic.com\\\/es\\\/#website\"},\"datePublished\":\"2020-01-27T15:56:30+00:00\",\"dateModified\":\"2020-07-01T18:28:22+00:00\",\"description\":\"Etiqueta tus productos destacando tu imagen de marca. Difer\u00e9ncialos con los materiales, la impresi\u00f3n y los acabados. Te ayudamos a diferenciarte.\",\"breadcrumb\":{\"@id\":\"https:\\\/\\\/campigrafic.com\\\/es\\\/etiquetas_sector_cosmetica_cuidado_personal\\\/#breadcrumb\"},\"inLanguage\":\"es\",\"potentialAction\":[{\"@type\":\"ReadAction\",\"target\":[\"https:\\\/\\\/campigrafic.com\\\/es\\\/etiquetas_sector_cosmetica_cuidado_personal\\\/\"]}]},{\"@type\":\"BreadcrumbList\",\"@id\":\"https:\\\/\\\/campigrafic.com\\\/es\\\/etiquetas_sector_cosmetica_cuidado_personal\\\/#breadcrumb\",\"itemListElement\":[{\"@type\":\"ListItem\",\"position\":1,\"name\":\"Portada\",\"item\":\"https:\\\/\\\/campigrafic.com\\\/es\\\/\"},{\"@type\":\"ListItem\",\"position\":2,\"name\":\"SECTOR COSM\u00c9TICA Y CUIDADO PERSONAL\"}]},{\"@type\":\"WebSite\",\"@id\":\"https:\\\/\\\/campigrafic.com\\\/es\\\/#website\",\"url\":\"https:\\\/\\\/campigrafic.com\\\/es\\\/\",\"name\":\"Campigrafic\",\"description\":\"Fabricant d&#039;etiquetes autoadhesives\",\"potentialAction\":[{\"@type\":\"SearchAction\",\"target\":{\"@type\":\"EntryPoint\",\"urlTemplate\":\"https:\\\/\\\/campigrafic.com\\\/es\\\/?s={search_term_string}\"},\"query-input\":{\"@type\":\"PropertyValueSpecification\",\"valueRequired\":true,\"valueName\":\"search_term_string\"}}],\"inLanguage\":\"es\"}]}<\/script>\n<!-- \/ Yoast SEO plugin. -->","yoast_head_json":{"title":"Etiquetas Sector Cosm\u00e9tica Cuidado Personal - Campi Gr\u00e0fic","description":"Etiqueta tus productos destacando tu imagen de marca. Difer\u00e9ncialos con los materiales, la impresi\u00f3n y los acabados. Te ayudamos a diferenciarte.","robots":{"index":"index","follow":"follow","max-snippet":"max-snippet:-1","max-image-preview":"max-image-preview:large","max-video-preview":"max-video-preview:-1"},"canonical":"https:\/\/campigrafic.com\/es\/etiquetas_sector_cosmetica_cuidado_personal\/","og_locale":"es_ES","og_type":"article","og_title":"Etiquetas Sector Cosm\u00e9tica Cuidado Personal - Campi Gr\u00e0fic","og_description":"Etiqueta tus productos destacando tu imagen de marca. Difer\u00e9ncialos con los materiales, la impresi\u00f3n y los acabados. Te ayudamos a diferenciarte.","og_url":"https:\/\/campigrafic.com\/es\/etiquetas_sector_cosmetica_cuidado_personal\/","og_site_name":"Campigrafic","article_modified_time":"2020-07-01T18:28:22+00:00","twitter_card":"summary_large_image","twitter_misc":{"Tiempo de lectura":"15 minutos"},"schema":{"@context":"https:\/\/schema.org","@graph":[{"@type":"WebPage","@id":"https:\/\/campigrafic.com\/es\/etiquetas_sector_cosmetica_cuidado_personal\/","url":"https:\/\/campigrafic.com\/es\/etiquetas_sector_cosmetica_cuidado_personal\/","name":"Etiquetas Sector Cosm\u00e9tica Cuidado Personal - Campi Gr\u00e0fic","isPartOf":{"@id":"https:\/\/campigrafic.com\/es\/#website"},"datePublished":"2020-01-27T15:56:30+00:00","dateModified":"2020-07-01T18:28:22+00:00","description":"Etiqueta tus productos destacando tu imagen de marca. Difer\u00e9ncialos con los materiales, la impresi\u00f3n y los acabados. Te ayudamos a diferenciarte.","breadcrumb":{"@id":"https:\/\/campigrafic.com\/es\/etiquetas_sector_cosmetica_cuidado_personal\/#breadcrumb"},"inLanguage":"es","potentialAction":[{"@type":"ReadAction","target":["https:\/\/campigrafic.com\/es\/etiquetas_sector_cosmetica_cuidado_personal\/"]}]},{"@type":"BreadcrumbList","@id":"https:\/\/campigrafic.com\/es\/etiquetas_sector_cosmetica_cuidado_personal\/#breadcrumb","itemListElement":[{"@type":"ListItem","position":1,"name":"Portada","item":"https:\/\/campigrafic.com\/es\/"},{"@type":"ListItem","position":2,"name":"SECTOR COSM\u00c9TICA Y CUIDADO PERSONAL"}]},{"@type":"WebSite","@id":"https:\/\/campigrafic.com\/es\/#website","url":"https:\/\/campigrafic.com\/es\/","name":"Campigrafic","description":"Fabricant d&#039;etiquetes autoadhesives","potentialAction":[{"@type":"SearchAction","target":{"@type":"EntryPoint","urlTemplate":"https:\/\/campigrafic.com\/es\/?s={search_term_string}"},"query-input":{"@type":"PropertyValueSpecification","valueRequired":true,"valueName":"search_term_string"}}],"inLanguage":"es"}]}},"_links":{"self":[{"href":"https:\/\/campigrafic.com\/es\/wp-json\/wp\/v2\/pages\/2099","targetHints":{"allow":["GET"]}}],"collection":[{"href":"https:\/\/campigrafic.com\/es\/wp-json\/wp\/v2\/pages"}],"about":[{"href":"https:\/\/campigrafic.com\/es\/wp-json\/wp\/v2\/types\/page"}],"author":[{"embeddable":true,"href":"https:\/\/campigrafic.com\/es\/wp-json\/wp\/v2\/users\/1"}],"replies":[{"embeddable":true,"href":"https:\/\/campigrafic.com\/es\/wp-json\/wp\/v2\/comments?post=2099"}],"version-history":[{"count":4,"href":"https:\/\/campigrafic.com\/es\/wp-json\/wp\/v2\/pages\/2099\/revisions"}],"predecessor-version":[{"id":2463,"href":"https:\/\/campigrafic.com\/es\/wp-json\/wp\/v2\/pages\/2099\/revisions\/2463"}],"wp:attachment":[{"href":"https:\/\/campigrafic.com\/es\/wp-json\/wp\/v2\/media?parent=2099"}],"curies":[{"name":"wp","href":"https:\/\/api.w.org\/{rel}","templated":true}]}}